{"id":5287,"date":"2023-10-20T09:53:27","date_gmt":"2023-10-20T07:53:27","guid":{"rendered":"https:\/\/rst-fishing.com\/?post_type=product&#038;p=5287"},"modified":"2023-10-24T09:34:04","modified_gmt":"2023-10-24T07:34:04","slug":"outlet-rst-feeling-forelle-barsch-kopie","status":"publish","type":"product","link":"https:\/\/rst-fishing.com\/en\/produkt\/outlet-rst-feeling-forelle-barsch-kopie\/","title":{"rendered":"Outlet RST Feeling (Forelle\/Barsch)"},"content":{"rendered":"<div><strong>RST Feeling<\/strong><\/div>\n<div><\/div>\n<div>Hervorragende preiswerte Spinnrute<strong>. <\/strong>L\u00e4ngst haben sich diese hervorragenden Spinnruten etabliert. Gefertigt aus hochwertigem Carbon und ein\u00a0 Preis\/Leistungsverh\u00e4ltnis, das sich sehen lassen kann.<\/div>\n<div class=\"product_tabs\">\n<ul>\n<li>Blank gr\u00fcn<\/li>\n<li>Ringwicklung und Zierwicklung passend zur Blankfarbe<\/li>\n<li>Lieferung im Futteral<\/li>\n<\/ul>\n<\/div>\n<p>In Gr\u00f6\u00dfe:<\/p>\n<div class=\"product_stuff\">\n<div class=\"products_page_short\">1340-O = L\u00e4nge: 1,80m \/ 6\u00b4, Wurfgeweicht: 2-10g, Teile: 2<\/div>\n<\/div>\n<p>&nbsp;<\/p>\n<p>Bitte beachten Sie, dass unsere Outlet Artikel kleine M\u00e4ngel haben k\u00f6nnen wie z.B: geringe Lackfehler.<\/p>\n<p>Dies hat aber keine Auswirkung auf die Funktion oder Aktion der Rute. Bei n\u00e4heren Informationen schreiben Sie uns gerne an.<\/p>\n<p>&nbsp;<\/p>\n","protected":false},"excerpt":{"rendered":"<p>RST Feeling Hervorragende preiswerte Spinnrute. L\u00e4ngst haben sich diese hervorragenden Spinnruten etabliert. Gefertigt aus hochwertigem Carbon und ein\u00a0 Preis\/Leistungsverh\u00e4ltnis, das sich sehen lassen kann. Blank gr\u00fcn Ringwicklung und Zierwicklung passend zur Blankfarbe Lieferung im Futteral In Gr\u00f6\u00dfe: 1340-O = L\u00e4nge: 1,80m \/ 6\u00b4, Wurfgeweicht: 2-10g, Teile: 2 &nbsp; Bitte beachten Sie, dass unsere Outlet Artikel [&#8230;]<\/p>\n","protected":false},"featured_media":5185,"comment_status":"closed","ping_status":"closed","template":"","meta":[],"product_brand":[],"product_cat":[193],"product_tag":[115],"class_list":{"0":"post-5287","1":"product","2":"type-product","3":"status-publish","4":"has-post-thumbnail","6":"product_cat-spinning-outlet","7":"product_tag-rod","9":"first","10":"instock","11":"taxable","12":"shipping-taxable","13":"purchasable","14":"product-type-simple"},"jetpack_sharing_enabled":true,"_links":{"self":[{"href":"https:\/\/rst-fishing.com\/en\/wp-json\/wp\/v2\/product\/5287","targetHints":{"allow":["GET"]}}],"collection":[{"href":"https:\/\/rst-fishing.com\/en\/wp-json\/wp\/v2\/product"}],"about":[{"href":"https:\/\/rst-fishing.com\/en\/wp-json\/wp\/v2\/types\/product"}],"replies":[{"embeddable":true,"href":"https:\/\/rst-fishing.com\/en\/wp-json\/wp\/v2\/comments?post=5287"}],"wp:featuredmedia":[{"embeddable":true,"href":"https:\/\/rst-fishing.com\/en\/wp-json\/wp\/v2\/media\/5185"}],"wp:attachment":[{"href":"https:\/\/rst-fishing.com\/en\/wp-json\/wp\/v2\/media?parent=5287"}],"wp:term":[{"taxonomy":"product_brand","embeddable":true,"href":"https:\/\/rst-fishing.com\/en\/wp-json\/wp\/v2\/product_brand?post=5287"},{"taxonomy":"product_cat","embeddable":true,"href":"https:\/\/rst-fishing.com\/en\/wp-json\/wp\/v2\/product_cat?post=5287"},{"taxonomy":"product_tag","embeddable":true,"href":"https:\/\/rst-fishing.com\/en\/wp-json\/wp\/v2\/product_tag?post=5287"}],"curies":[{"name":"wp","href":"https:\/\/api.w.org\/{rel}","templated":true}]}}